{"id":605,"date":"2025-01-31T11:21:33","date_gmt":"2025-01-31T11:21:33","guid":{"rendered":"https:\/\/www.hosu.hr\/?page_id=605"},"modified":"2025-01-31T12:17:15","modified_gmt":"2025-01-31T12:17:15","slug":"postani-clan","status":"publish","type":"page","link":"https:\/\/www.hosu.hr\/?page_id=605","title":{"rendered":"Postani \u010dlan"},"content":{"rendered":"\n<div class=\"wp-block-group is-vertical is-layout-flex wp-container-core-group-is-layout-8cf370e7 wp-block-group-is-layout-flex\">\n<p>Voli\u0161 glazbu, pokret i kreativno izra\u017eavanje? \u017deli\u0161 se povezati s ljudima koji dijele tvoju strast i u\u010diti kroz igru? Onda si na pravom mjestu!<\/p>\n\n\n\n<p>Kao \u010dlan na\u0161e udruge, dobiva\u0161:<br>\ud83c\udfb5 <strong>Pristup inspirativnim radionicama<\/strong> s vrhunskim predava\u010dima<br>\ud83d\udcda <strong>Materijale i resurse<\/strong> za kreativnu nastavu i vo\u0111enje glazbenih aktivnosti<br>\ud83e\udd1d <strong>Mogu\u0107nost umre\u017eavanja<\/strong> s kolegama edukatorima i umjetnicima<br>\ud83c\udfad <strong>Sudjelovanje u projektima<\/strong> koji promi\u010du Orff Schulwerk pedagogiju<\/p>\n\n\n\n<p>Pridru\u017ei nam se i postani dio zajednice koja glazbu i pokret koristi za stvaranje radosnog, poticajnog i inkluzivnog okru\u017eenja!<\/p>\n\n\n\n<p><\/p>\n\n\n\n<p>Za&nbsp;<strong>40 \u20ac godi\u0161nje \u010dlanarine<\/strong>, dobiva\u0161:<\/p>\n\n\n\n<p>\u2705 <strong>Popuste na sve edukacije i seminare<\/strong>&nbsp;koje organiziramo, uklju\u010duju\u0107i i one me\u0111unarodne gdje smo partneri&nbsp;<\/p>\n\n\n\n<p>\u2705 <strong>Popust na na\u0161u nadolaze\u0107u publikaciju<\/strong><\/p>\n\n\n\n<p>\u2705 <strong>Ekskluzivne info<\/strong>&nbsp;o svemu \u0161to spremamo&nbsp;<\/p>\n\n\n\n<p>\u2705 <strong>Podr\u0161ku sjajnim projektima<\/strong>&nbsp;i priliku za sudjelovanje u njima&nbsp;<\/p>\n<\/div>\n\n\n\n<div class=\"wp-block-buttons is-layout-flex wp-block-buttons-is-layout-flex\">\n<div class=\"wp-block-button\"><a class=\"wp-block-button__link wp-element-button\" href=\"https:\/\/forms.gle\/rcnSGNanXpzinGmF9\">\u010clanstvo<\/a><\/div>\n<\/div>\n","protected":false},"excerpt":{"rendered":"<p>Voli\u0161 glazbu, pokret i kreativno izra\u017eavanje? \u017deli\u0161 se povezati s ljudima koji dijele tvoju strast i u\u010diti kroz igru? Onda si na pravom mjestu! Kao \u010dlan na\u0161e udruge, dobiva\u0161:\ud83c\udfb5 Pristup inspirativnim radionicama s vrhunskim predava\u010dima\ud83d\udcda Materijale i resurse za kreativnu nastavu i vo\u0111enje glazbenih aktivnosti\ud83e\udd1d Mogu\u0107nost umre\u017eavanja s kolegama edukatorima i umjetnicima\ud83c\udfad Sudjelovanje u projektima &hellip; <a href=\"https:\/\/www.hosu.hr\/?page_id=605\" class=\"more-link\">Nastavi \u010ditati <span class=\"screen-reader-text\">Postani \u010dlan<\/span> <span class=\"meta-nav\">&rarr;<\/span><\/a><\/p>\n","protected":false},"author":3,"featured_media":0,"parent":0,"menu_order":0,"comment_status":"closed","ping_status":"closed","template":"","meta":{"footnotes":""},"class_list":["post-605","page","type-page","status-publish","hentry"],"_links":{"self":[{"href":"https:\/\/www.hosu.hr\/index.php?rest_route=\/wp\/v2\/pages\/605","targetHints":{"allow":["GET"]}}],"collection":[{"href":"https:\/\/www.hosu.hr\/index.php?rest_route=\/wp\/v2\/pages"}],"about":[{"href":"https:\/\/www.hosu.hr\/index.php?rest_route=\/wp\/v2\/types\/page"}],"author":[{"embeddable":true,"href":"https:\/\/www.hosu.hr\/index.php?rest_route=\/wp\/v2\/users\/3"}],"replies":[{"embeddable":true,"href":"https:\/\/www.hosu.hr\/index.php?rest_route=%2Fwp%2Fv2%2Fcomments&post=605"}],"version-history":[{"count":4,"href":"https:\/\/www.hosu.hr\/index.php?rest_route=\/wp\/v2\/pages\/605\/revisions"}],"predecessor-version":[{"id":614,"href":"https:\/\/www.hosu.hr\/index.php?rest_route=\/wp\/v2\/pages\/605\/revisions\/614"}],"wp:attachment":[{"href":"https:\/\/www.hosu.hr\/index.php?rest_route=%2Fwp%2Fv2%2Fmedia&parent=605"}],"curies":[{"name":"wp","href":"https:\/\/api.w.org\/{rel}","templated":true}]}}