{"id":4,"date":"2013-11-07T10:43:32","date_gmt":"2013-11-07T10:43:32","guid":{"rendered":"http:\/\/www.huco.hr\/?page_id=4"},"modified":"2026-01-17T09:21:03","modified_gmt":"2026-01-17T09:21:03","slug":"4-2","status":"publish","type":"page","link":"https:\/\/www.hosu.hr\/","title":{"rendered":"CROSA &#8211; Croatian Orff Schulwerk Association"},"content":{"rendered":"<p><a href=\"http:\/\/www.hosu.hr\/wp-content\/uploads\/2013\/11\/pecat3_180.gif\"><img loading=\"lazy\" decoding=\"async\" class=\"alignleft wp-image-338 size-full\" src=\"http:\/\/www.hosu.hr\/wp-content\/uploads\/2013\/11\/pecat3_180.gif\" alt=\"pecat3_180\" width=\"180\" height=\"178\" \/><\/a><\/p>\n<p>Hrvatska Orff\u00a0Schulwerk udruga neprofitna je organizacija profesionalaca\u00a0edukatora posve\u0107enih kreativnom pristupu glazbi i pokretu kojeg su razvili\u00a0Carl Orff i Gunild Keetman.<\/p>\n<p><em>\u00a0The Croatian Orff Schulwerk Association is a non-profit organization of professional educators dedicated to the creative approach to music and movement developed by Carl Orff and Gunild Keetman.<\/em><\/p>\n<p>Na\u0161a misija je:<br \/>ukazati na vrijednosti Orff glazbene pedagogije i promovirati njenu \u0161iroku primjenu;<br \/>poduprijeti profesionalni razvoj na\u0161ih \u010dlanova i drugih na ovom podru\u010dju;<br \/>potaknuti i zalagati se za kreativni potencijal svih svojih u\u010denika.<\/p>\n<p><em>Our mission is:<br \/><\/em><em>to point out the values of Orff music pedagogy and promote its widespread application;<br \/><\/em><em>support the professional development of our members and others in this area;<br \/><\/em><em>encourage and strive for the creative potential of all your students.<\/em><\/p>\n<h1 class=\"entry-title\"><a href=\"https:\/\/www.hosu.hr\/?page_id=605\">Postani \u010dlan<\/a><\/h1>\n\n\n<figure class=\"wp-block-image size-full\"><a href=\"http:\/\/www.hosu.hr\/wp-content\/uploads\/2023\/12\/Screenshot-2023-12-10-at-11.32.14.png\"><img loading=\"lazy\" decoding=\"async\" width=\"564\" height=\"134\" src=\"http:\/\/www.hosu.hr\/wp-content\/uploads\/2023\/12\/Screenshot-2023-12-10-at-11.32.14.png\" alt=\"\" class=\"wp-image-503\" srcset=\"https:\/\/www.hosu.hr\/wp-content\/uploads\/2023\/12\/Screenshot-2023-12-10-at-11.32.14.png 564w, https:\/\/www.hosu.hr\/wp-content\/uploads\/2023\/12\/Screenshot-2023-12-10-at-11.32.14-300x71.png 300w\" sizes=\"auto, (max-width: 564px) 100vw, 564px\" \/><\/a><\/figure>\n\n\n\n<figure class=\"wp-block-gallery has-nested-images columns-default is-cropped wp-block-gallery-1 is-layout-flex wp-block-gallery-is-layout-flex\"><\/figure>\n\n\n\n<p><\/p>\n","protected":false},"excerpt":{"rendered":"<p>Hrvatska Orff\u00a0Schulwerk udruga neprofitna je organizacija profesionalaca\u00a0edukatora posve\u0107enih kreativnom pristupu glazbi i pokretu kojeg su razvili\u00a0Carl Orff i Gunild Keetman. \u00a0The Croatian Orff Schulwerk Association is a non-profit organization of professional educators dedicated to the creative approach to music and movement developed by Carl Orff and Gunild Keetman. Na\u0161a misija je:ukazati na vrijednosti Orff glazbene &hellip; <a href=\"https:\/\/www.hosu.hr\/\" class=\"more-link\">Nastavi \u010ditati <span class=\"screen-reader-text\">CROSA &#8211; Croatian Orff Schulwerk Association<\/span> <span class=\"meta-nav\">&rarr;<\/span><\/a><\/p>\n","protected":false},"author":1,"featured_media":0,"parent":0,"menu_order":0,"comment_status":"open","ping_status":"open","template":"","meta":{"footnotes":""},"class_list":["post-4","page","type-page","status-publish","hentry"],"_links":{"self":[{"href":"https:\/\/www.hosu.hr\/index.php?rest_route=\/wp\/v2\/pages\/4","targetHints":{"allow":["GET"]}}],"collection":[{"href":"https:\/\/www.hosu.hr\/index.php?rest_route=\/wp\/v2\/pages"}],"about":[{"href":"https:\/\/www.hosu.hr\/index.php?rest_route=\/wp\/v2\/types\/page"}],"author":[{"embeddable":true,"href":"https:\/\/www.hosu.hr\/index.php?rest_route=\/wp\/v2\/users\/1"}],"replies":[{"embeddable":true,"href":"https:\/\/www.hosu.hr\/index.php?rest_route=%2Fwp%2Fv2%2Fcomments&post=4"}],"version-history":[{"count":20,"href":"https:\/\/www.hosu.hr\/index.php?rest_route=\/wp\/v2\/pages\/4\/revisions"}],"predecessor-version":[{"id":651,"href":"https:\/\/www.hosu.hr\/index.php?rest_route=\/wp\/v2\/pages\/4\/revisions\/651"}],"wp:attachment":[{"href":"https:\/\/www.hosu.hr\/index.php?rest_route=%2Fwp%2Fv2%2Fmedia&parent=4"}],"curies":[{"name":"wp","href":"https:\/\/api.w.org\/{rel}","templated":true}]}}