{"id":162,"date":"2015-06-03T21:34:03","date_gmt":"2015-06-03T21:34:03","guid":{"rendered":"http:\/\/www.huco.hr\/?page_id=162"},"modified":"2025-03-30T19:22:02","modified_gmt":"2025-03-30T19:22:02","slug":"sound-of-garden","status":"publish","type":"page","link":"https:\/\/www.hosu.hr\/?page_id=162","title":{"rendered":"Sound of the Garden"},"content":{"rendered":"\n<p><strong>\u0160estodnevna Orff Schulwerk edukacija pod nazivom <em>Sound of the Garden<\/em> odr\u017eat \u0107e se od 1. do 6. srpnja 2025. na Edukacijsko-terapijskom imanju Vinkovec, nedaleko Zagreba.<\/strong><\/p>\n\n\n\n<p>Ova jedinstvena edukacija donosi spoj glazbe, pokreta i prirode kroz pristup Orff Schulwerka, pod vodstvom vrhunskih stru\u010dnjaka iz Hrvatske i inozemstva.<\/p>\n\n\n\n<h3 class=\"wp-block-heading\"><strong>Posebnosti ove edukacije<\/strong><\/h3>\n\n\n\n<p>\ud83c\udfb5 <strong>Mali broj polaznika<\/strong> (10 \u2013 12) \u2013 osigurana individualna pa\u017enja i intenzivan rad.<br><strong>Stru\u010dno vodstvo me\u0111unarodnih predava\u010da<\/strong> \u2013 vrhunski edukatori s bogatim iskustvom u Orff pedagogiji i muzikoterapiji.<br><strong>Glazbene aktivnosti u prirodnom okru\u017eenju<\/strong> \u2013 unutra\u0161nji prostori imanja i vrt postaju u\u010dionice za kreativno izra\u017eavanje.<br><strong>Zajedni\u010dki pristup u\u010denju<\/strong> \u2013 glazba, pokret, improvizacija  integrirani u edukacijske i terapijske svrhe.<br><strong>Jedinstvena muzikoterapija<\/strong>\u2013 sudjelovanje neovisno o prethodnom glazbenom iskustvu.<br>\ud83c\udfe1 <strong>Smje\u0161taj i prehrana<\/strong> \u2013 osigurani u ugodnoj atmosferi drvene ku\u0107e uz srda\u010dne doma\u0107ine.<\/p>\n\n\n\n<h3 class=\"wp-block-heading\"><strong>Program i aktivnosti<\/strong><\/h3>\n\n\n\n<p>\ud83d\udccc <em>Dnevni raspored obuhva\u0107a:<\/em><br>\ud83d\udd39 Dva jutarnja i jedan poslijepodnevni blok Orff Schulwerk edukacije.<br>\ud83d\udd39 Radionice muzikoterapije, intervizije i analizu video materijala u poslijepodnevnim satima.<br>\ud83d\udd39 Ve\u010dernje sesije zajedni\u010dkog muziciranja u vrtu \u2013 prilika za improvizaciju i povezivanje kroz zvuk.<br>\ud83d\udd39 Mogu\u0107nost sudjelovanja u ansamblu blok-flauta ili drugim oblicima zajedni\u010dkog muziciranja.<\/p>\n\n\n\n<p>\ud83d\udccc <em>Aktivnosti se odvijaju na hrvatskom i engleskom jeziku.<\/em><\/p>\n\n\n\n<h3 class=\"wp-block-heading\"><strong>Teme edukacije<\/strong><\/h3>\n\n\n\n<p>1\ufe0f\u20e3 <strong>Osnovni principi Orff Schulwerka<\/strong> \u2013 od pokreta i plesa do sviranja i improvizacije.<br>2\ufe0f\u20e3 <strong>Orff muzikoterapija<\/strong> \u2013 primjena Orff elemenata u terapijskom radu.<br>3\ufe0f\u20e3 <strong>Izrada instrumenata i kori\u0161tenje okru\u017eja<\/strong> \u2013 kreativni pristup stvaranju zvuka.<\/p>\n\n\n\n<h3 class=\"wp-block-heading\"><strong>Predava\u010di 2025.:<\/strong><\/h3>\n\n\n\n<p>\ud83c\udfa4 <strong>Shirley Salmon (UK)<\/strong> \u2013 renomirana stru\u010dnjakinja za glazbeni odgoj i inkluzivnu edukaciju.<br>\ud83c\udfa4 <strong>Federica Galletti (IT)<\/strong> \u2013 iskusna Orff pedagoginja s bogatim me\u0111unarodnim iskustvom.<br>\ud83c\udfa4 <strong>Ksenija Buri\u0107 (HR)<\/strong> \u2013 vode\u0107a hrvatska edukatorica u podru\u010dju Orff metode.<\/p>\n\n\n\n<p>Od 2016. godine kroz ovu edukaciju pro\u0161lo je stotinjak stru\u010dnjaka iz podru\u010dja pedagogije, psihologije, rehabilitacije, umjetnosti i zdravstvene i socijalne za\u0161tite.<\/p>\n\n\n\n<p>\ud83d\udccc <strong>Dodatne informacije i prijave:<\/strong><br>\ud83d\udd17 <a href=\"https:\/\/forms.gle\/tPu6kpLcddBDEHbf8\">https:\/\/forms.gle\/tPu6kpLcddBDEHbf8 <\/a><\/p>\n\n\n\n<p>\u2728 <strong>Pridru\u017ei se ovoj jedinstvenoj glazbenoj avanturi i do\u017eivi \u010daroliju Orff Schulwerka u prirodnom okru\u017eenju!<\/strong> \u2728 \ud83c\udfb6<\/p>\n\n\n\n<figure class=\"wp-block-image size-full\"><a href=\"https:\/\/www.hosu.hr\/wp-content\/uploads\/2025\/03\/Sound-of-the-Garden.jpg\"><img loading=\"lazy\" decoding=\"async\" width=\"994\" height=\"560\" src=\"https:\/\/www.hosu.hr\/wp-content\/uploads\/2025\/03\/Sound-of-the-Garden.jpg\" alt=\"\" class=\"wp-image-628\" srcset=\"https:\/\/www.hosu.hr\/wp-content\/uploads\/2025\/03\/Sound-of-the-Garden.jpg 994w, https:\/\/www.hosu.hr\/wp-content\/uploads\/2025\/03\/Sound-of-the-Garden-300x169.jpg 300w, https:\/\/www.hosu.hr\/wp-content\/uploads\/2025\/03\/Sound-of-the-Garden-768x433.jpg 768w\" sizes=\"auto, (max-width: 994px) 100vw, 994px\" \/><\/a><\/figure>\n\n\n\n<p>Na\u0161i predava\u010di bili su: Clara Cruz Bonal (Katalonija), Bareum Lee (Ju\u017ena Koreja), Diego Rincon i Pilar Plazas (Kolumbija), Jessika Lampi (Finska), Lenka Pospi\u0161ilova (\u010ce\u0161ka), Kate Buchanan (UK), Irina Shestopalova (Rusija), Konstanca Zalar(Slovenija), Elina Simes (Finska), Senem Krispler (Turska).<\/p>\n\n\n\n<p><\/p>\n","protected":false},"excerpt":{"rendered":"<p>\u0160estodnevna Orff Schulwerk edukacija pod nazivom Sound of the Garden odr\u017eat \u0107e se od 1. do 6. srpnja 2025. na Edukacijsko-terapijskom imanju Vinkovec, nedaleko Zagreba. Ova jedinstvena edukacija donosi spoj glazbe, pokreta i prirode kroz pristup Orff Schulwerka, pod vodstvom vrhunskih stru\u010dnjaka iz Hrvatske i inozemstva. Posebnosti ove edukacije \ud83c\udfb5 Mali broj polaznika (10 \u2013 &hellip; <a href=\"https:\/\/www.hosu.hr\/?page_id=162\" class=\"more-link\">Nastavi \u010ditati <span class=\"screen-reader-text\">Sound of the Garden<\/span> <span class=\"meta-nav\">&rarr;<\/span><\/a><\/p>\n","protected":false},"author":1,"featured_media":0,"parent":25,"menu_order":0,"comment_status":"closed","ping_status":"closed","template":"","meta":{"footnotes":""},"class_list":["post-162","page","type-page","status-publish","hentry"],"_links":{"self":[{"href":"https:\/\/www.hosu.hr\/index.php?rest_route=\/wp\/v2\/pages\/162","targetHints":{"allow":["GET"]}}],"collection":[{"href":"https:\/\/www.hosu.hr\/index.php?rest_route=\/wp\/v2\/pages"}],"about":[{"href":"https:\/\/www.hosu.hr\/index.php?rest_route=\/wp\/v2\/types\/page"}],"author":[{"embeddable":true,"href":"https:\/\/www.hosu.hr\/index.php?rest_route=\/wp\/v2\/users\/1"}],"replies":[{"embeddable":true,"href":"https:\/\/www.hosu.hr\/index.php?rest_route=%2Fwp%2Fv2%2Fcomments&post=162"}],"version-history":[{"count":11,"href":"https:\/\/www.hosu.hr\/index.php?rest_route=\/wp\/v2\/pages\/162\/revisions"}],"predecessor-version":[{"id":633,"href":"https:\/\/www.hosu.hr\/index.php?rest_route=\/wp\/v2\/pages\/162\/revisions\/633"}],"up":[{"embeddable":true,"href":"https:\/\/www.hosu.hr\/index.php?rest_route=\/wp\/v2\/pages\/25"}],"wp:attachment":[{"href":"https:\/\/www.hosu.hr\/index.php?rest_route=%2Fwp%2Fv2%2Fmedia&parent=162"}],"curies":[{"name":"wp","href":"https:\/\/api.w.org\/{rel}","templated":true}]}}