{"id":13,"date":"2013-11-11T22:46:31","date_gmt":"2013-11-11T22:46:31","guid":{"rendered":"http:\/\/www.huco.hr\/?page_id=13"},"modified":"2025-01-31T11:13:58","modified_gmt":"2025-01-31T11:13:58","slug":"o-nama","status":"publish","type":"page","link":"https:\/\/www.hosu.hr\/?page_id=13","title":{"rendered":"O nama"},"content":{"rendered":"\n<p>Hrvatska Orff Schulwerk udruga nevladina je i neprofitna udruga profesionalaca na podru\u010dju Orff Schulwerk pedagogije i Orff muzikoterapije, <span style=\"font-weight: 400;\">osnovana 2002. godine.<\/span><\/p>\n\n\n\n<p><span style=\"font-weight: 400;\">Profesionalna organizacija muzi\u010dara, u\u010ditelja, nastavnika, plesnih i glazbenih pedagoga, odgojitelja, rehabilitatora, logopeda, pedagoga, psihologa.&nbsp;<\/span><\/p>\n\n\n\n<p><span style=\"font-weight: 400;\">\u010clanica Orff Schulwerk Foruma pri Orff institutu Mozarteuma u Salzburgu. Od 1. listopada 2020. HOSU je nositelj licence Carl Orff Stiftunga i jedina u Hrvatskoj mo\u017ee koristiti oznaku ORFF\u00ae u svom radu, kao znak kvalitete i izvornosti.<\/span><\/p>\n\n\n\n<p>Upravni odbor:<\/p>\n\n\n\n<p><span style=\"font-weight: 400;\">Predsjednica- Doc. dr.sc. . <a href=\"http:\/\/ksenijaburic.from.hr\/\" target=\"_blank\" rel=\"noopener noreferrer\">Ksenija Buri\u0107<\/a>.&nbsp;<\/span><\/p>\n\n\n\n<p><span style=\"font-weight: 400;\">Podpredsjednica- Silvija Sarapa, mag.muz.<\/span><\/p>\n\n\n\n<p><span style=\"font-weight: 400;\">Tajnik- Branko Me\u0161tri\u0107, dipl. Ing.<\/span><\/p>\n\n\n\n<p><span style=\"font-weight: 400;\">Odbor- Lidija Deti\u0107, odgojiteljica, Irena Lov\u010danin, dipl. u\u010d., Mirjana Kova\u010dek, mag.muz., Nata\u0161a Klari\u0107 Bonacci, prof. germanistike i fonetike<\/span><\/p>\n\n\n\n<p>&nbsp;<\/p>\n\n\n\n<p>&nbsp;<\/p>\n\n\n\n<p>&nbsp;<\/p>\n\n\n\n<p>&nbsp;<\/p>\n\n\n\n<h3 class=\"wp-block-heading\">&nbsp;<\/h3>\n\n\n<div class=\"wp-block-image\">\n<figure class=\"alignleft\"><a href=\"http:\/\/www.hosu.hr\/wp-content\/uploads\/2023\/11\/HOSU-plakat.png\"><img loading=\"lazy\" decoding=\"async\" width=\"212\" height=\"300\" src=\"http:\/\/www.hosu.hr\/wp-content\/uploads\/2023\/11\/HOSU-plakat-212x300.png\" alt=\"\" class=\"wp-image-465\" srcset=\"https:\/\/www.hosu.hr\/wp-content\/uploads\/2023\/11\/HOSU-plakat-212x300.png 212w, https:\/\/www.hosu.hr\/wp-content\/uploads\/2023\/11\/HOSU-plakat-724x1024.png 724w, https:\/\/www.hosu.hr\/wp-content\/uploads\/2023\/11\/HOSU-plakat-768x1086.png 768w, https:\/\/www.hosu.hr\/wp-content\/uploads\/2023\/11\/HOSU-plakat-1086x1536.png 1086w, https:\/\/www.hosu.hr\/wp-content\/uploads\/2023\/11\/HOSU-plakat-1448x2048.png 1448w, https:\/\/www.hosu.hr\/wp-content\/uploads\/2023\/11\/HOSU-plakat.png 1587w\" sizes=\"auto, (max-width: 212px) 100vw, 212px\" \/><\/a><\/figure>\n<\/div>\n\n\n<p><\/p>\n\n\n\n<div class=\"wp-block-buttons is-layout-flex wp-block-buttons-is-layout-flex\"><\/div>\n\n\n\n<div class=\"wp-block-group\"><div class=\"wp-block-group__inner-container is-layout-constrained wp-block-group-is-layout-constrained\"><\/div><\/div>\n","protected":false},"excerpt":{"rendered":"<p>Hrvatska Orff Schulwerk udruga nevladina je i neprofitna udruga profesionalaca na podru\u010dju Orff Schulwerk pedagogije i Orff muzikoterapije, osnovana 2002. godine. Profesionalna organizacija muzi\u010dara, u\u010ditelja, nastavnika, plesnih i glazbenih pedagoga, odgojitelja, rehabilitatora, logopeda, pedagoga, psihologa.&nbsp; \u010clanica Orff Schulwerk Foruma pri Orff institutu Mozarteuma u Salzburgu. Od 1. listopada 2020. HOSU je nositelj licence Carl Orff &hellip; <a href=\"https:\/\/www.hosu.hr\/?page_id=13\" class=\"more-link\">Nastavi \u010ditati <span class=\"screen-reader-text\">O nama<\/span> <span class=\"meta-nav\">&rarr;<\/span><\/a><\/p>\n","protected":false},"author":1,"featured_media":0,"parent":0,"menu_order":0,"comment_status":"closed","ping_status":"closed","template":"","meta":{"footnotes":""},"class_list":["post-13","page","type-page","status-publish","hentry"],"_links":{"self":[{"href":"https:\/\/www.hosu.hr\/index.php?rest_route=\/wp\/v2\/pages\/13","targetHints":{"allow":["GET"]}}],"collection":[{"href":"https:\/\/www.hosu.hr\/index.php?rest_route=\/wp\/v2\/pages"}],"about":[{"href":"https:\/\/www.hosu.hr\/index.php?rest_route=\/wp\/v2\/types\/page"}],"author":[{"embeddable":true,"href":"https:\/\/www.hosu.hr\/index.php?rest_route=\/wp\/v2\/users\/1"}],"replies":[{"embeddable":true,"href":"https:\/\/www.hosu.hr\/index.php?rest_route=%2Fwp%2Fv2%2Fcomments&post=13"}],"version-history":[{"count":14,"href":"https:\/\/www.hosu.hr\/index.php?rest_route=\/wp\/v2\/pages\/13\/revisions"}],"predecessor-version":[{"id":604,"href":"https:\/\/www.hosu.hr\/index.php?rest_route=\/wp\/v2\/pages\/13\/revisions\/604"}],"wp:attachment":[{"href":"https:\/\/www.hosu.hr\/index.php?rest_route=%2Fwp%2Fv2%2Fmedia&parent=13"}],"curies":[{"name":"wp","href":"https:\/\/api.w.org\/{rel}","templated":true}]}}