{"id":440,"date":"2023-11-17T18:32:10","date_gmt":"2023-11-17T18:32:10","guid":{"rendered":"https:\/\/www.hosu.hr\/?page_id=440"},"modified":"2025-01-04T12:27:23","modified_gmt":"2025-01-04T12:27:23","slug":"music-village","status":"publish","type":"page","link":"http:\/\/www.hosu.hr\/?page_id=440","title":{"rendered":"International Music Village"},"content":{"rendered":"\n<p><em>International Music Village<\/em> je pedago\u0161ki intenzivni te\u010daj za profesionalce koji koriste glazbu u svom radu. IMV je odli\u010dno mjesto za umre\u017eavanje za edukatore Orffove glazbene pedagogije diljem svijeta.Me\u0111unarodno Finska Orff Schulwerk udruga JaSeSoi organizira od 2000. Godine ovaj doga\u0111aj koji je s vremenom posao vrlo popularan i okuplja sudionike sa svih kontinenata. Kroz godine, te\u010daj je postao forum za me\u0111unarodno umre\u017eavanje, prijateljstva i susrete kolega. 28 kolovoza 2022. godine u Hrvatskoj, u ETI Vinkovcu, formiran je me\u0111unarodni tim od 6 osoba, sastavljen od po dva \u010dlana iz svake OS-licencirane&nbsp; udruge: Hrvatske (HOSU\/CROSA), Katalonske (OrffCat) i Finske (JaSeSoi). Glavna ideja je podi\u0107i te\u010daj IMV na novu razinu \u010dine\u0107i ga vi\u0161e me\u0111unarodnim i pristupa\u010dnim organiziraju\u0107i te\u010daj sljede\u0107e tri godine u tri zemlje &#8211; Finskoj 2023., Hrvatskoj 2024. i Kataloniji 2025.<\/p>\n\n\n\n<p><em>The International Music Village<\/em> is a pedagogical intensive training course for professionals using music in their work. IMV is a great networking arena for Orff music educators around the world. The International Music Village has been organised by JaSeSoi, the Finnish Orff-Schulwerk Association, since 2000. The course has been very popular and has drawn participants from all the continents. Throughout the years the course has become a forum for international networking, friendships, and reunions of colleagues. In the course, there have usually been both Finnish and international presenters. On 28 August 2022 in Croatia, at ETI Vinkovec, a compensated international team of 6 persons was set up, consisting of two members from each OS-licensed association: Croatian OSA (CROSA), Catalonian OSA (OrffCat), and Finnish OSA (JaSeSoi). The team of the international collaborative three-year pilot project drafted the constitutional act and defined working guidelines, objectives, and other parameters of the programme. The main idea is to bring the IMV course to a new level by making it more international and accessible organizing and hosting the course for the next three years in three countries -Finland 2023, Croatia 2024 and Catalonia 2025.<\/p>\n\n\n\n<div class=\"wp-block-media-text alignwide is-stacked-on-mobile has-off-white-background-color has-background\"><figure class=\"wp-block-media-text__media\"><img loading=\"lazy\" decoding=\"async\" width=\"1024\" height=\"1024\" src=\"http:\/\/www.hosu.hr\/wp-content\/uploads\/2024\/12\/IMV-2025-POSTER-1024x1024.png\" alt=\"\" class=\"wp-image-554 size-full\" srcset=\"http:\/\/www.hosu.hr\/wp-content\/uploads\/2024\/12\/IMV-2025-POSTER-1024x1024.png 1024w, http:\/\/www.hosu.hr\/wp-content\/uploads\/2024\/12\/IMV-2025-POSTER-300x300.png 300w, http:\/\/www.hosu.hr\/wp-content\/uploads\/2024\/12\/IMV-2025-POSTER-150x150.png 150w, http:\/\/www.hosu.hr\/wp-content\/uploads\/2024\/12\/IMV-2025-POSTER-768x768.png 768w, http:\/\/www.hosu.hr\/wp-content\/uploads\/2024\/12\/IMV-2025-POSTER.png 1080w\" sizes=\"auto, (max-width: 1024px) 100vw, 1024px\" \/><\/figure><div class=\"wp-block-media-text__content\">\n<h2 class=\"wp-block-heading has-text-align-center has-x-large-font-size\">IMV 2025<\/h2>\n\n\n\n<p class=\"has-text-align-center has-large-font-size\">Vic<\/p>\n\n\n\n<p class=\"has-text-align-center has-large-font-size\"><strong>22. &#8211; 27. 7.2025.<\/strong><\/p>\n\n\n\n<div class=\"wp-block-buttons is-layout-flex wp-block-buttons-is-layout-flex\">\n<div class=\"wp-block-button\"><a class=\"wp-block-button__link wp-element-button\" href=\"https:\/\/www.hosu.hr\/?page_id=561\">Prijave<\/a><\/div>\n\n\n\n<div class=\"wp-block-button\"><a class=\"wp-block-button__link wp-element-button\" href=\"https:\/\/www.hosu.hr\/?page_id=566\">Registration<\/a><\/div>\n<\/div>\n<\/div><\/div>\n\n\n\n<p>PREDAVA\u010cI<\/p>\n\n\n\n<p>Anna Bastida (\u0160PA.) i Hastings Nyirenda (JAR)<\/p>\n\n\n\n<p style=\"font-size:15px\"><strong>Slu\u017ebeni jezik te\u010daja:<\/strong> Engleski<\/p>\n\n\n\n<p style=\"font-size:15px\"><strong>Lokacija: <\/strong><a href=\"https:\/\/www.eti-vinkovec.org\/?page_id=14\" data-type=\"link\" data-id=\"https:\/\/www.eti-vinkovec.org\/?page_id=14\"><a href=\"https:\/\/maps.app.goo.gl\/G8yaKd6yvjyUxZBF7\">Seminari de Vic<\/a><\/a><\/p>\n\n\n\n<p class=\"has-medium-font-size\">CJENIK<\/p>\n\n\n\n<p><strong>REDOVNA CIJENA<\/strong> 550 \u20ac Smje\u0161taj, obroci i radionice<\/p>\n\n\n\n<p><strong>\u010cLANOVI UDRUGA HOSU, JASESOI I ORFFCAT<\/strong> 505 \u20ac Smje\u0161taj, obroci i radionice<\/p>\n\n\n\n<p>Pod pokroviteljstvom Orff zaklade osiguravamo 10 stipendija svaka u iznosu od 250 \u20ac<\/p>\n\n\n\n<div class=\"wp-block-buttons is-layout-flex wp-block-buttons-is-layout-flex\">\n<div class=\"wp-block-button\"><a class=\"wp-block-button__link wp-element-button\" href=\"https:\/\/form.jotform.com\/243292486603056\">Prijava za stipendiju<\/a><\/div>\n<\/div>\n\n\n\n<p><\/p>\n\n\n\n<p>TEACHERS<\/p>\n\n\n\n<p>Anna Bastida (CAT.)and Hastings Nyirenda (SA)<\/p>\n\n\n\n<p><strong>Language of the course:<\/strong> English<\/p>\n\n\n\n<p><strong>Location:<\/strong> <a href=\"https:\/\/maps.app.goo.gl\/G8yaKd6yvjyUxZBF7\">Seminari de Vic<\/a> (Ronda Francesc Camprodon, 2, 08500 Vic, Catalonia)<\/p>\n\n\n\n<p><strong>Accommodation<\/strong> (at the Seminari de Vic):<\/p>\n\n\n\n<ul class=\"wp-block-list\">\n<li>Shared rooms (up to 4 people)<\/li>\n\n\n\n<li>Double rooms<\/li>\n\n\n\n<li>Single rooms<\/li>\n<\/ul>\n\n\n\n<p><strong>Cost<\/strong> (includes the course, accommodation in a 4-bed room, and meals \u2013 full board):<\/p>\n\n\n\n<ul class=\"wp-block-list\">\n<li>505\u20ac for JaSeSoi, HOSU, and Orff Catalunya members<\/li>\n\n\n\n<li>550\u20ac for non-members<\/li>\n\n\n\n<li>Additional cost for a double room: 50\u20ac<\/li>\n\n\n\n<li>Additional cost for a single room: 80\u20ac<\/li>\n<\/ul>\n\n\n\n<p><strong>Scholarships:<\/strong><strong><br><\/strong>10 scholarships are offered by the Carl Orff Foundation, worth 250\u20ac each. Applications will be open from January 8th to 22nd, 2025. <\/p>\n\n\n\n<div class=\"wp-block-buttons is-layout-flex wp-block-buttons-is-layout-flex\">\n<div class=\"wp-block-button\"><a class=\"wp-block-button__link wp-element-button\" href=\"https:\/\/form.jotform.com\/243292486603056\">Apply for scolarship<\/a><\/div>\n<\/div>\n\n\n\n<p><\/p>\n\n\n\n<div class=\"wp-block-media-text alignwide is-stacked-on-mobile has-off-white-background-color has-background\"><figure class=\"wp-block-media-text__media\"><img loading=\"lazy\" decoding=\"async\" width=\"724\" height=\"1024\" src=\"https:\/\/www.hosu.hr\/wp-content\/uploads\/2023\/12\/Orange-Colorful-Music-Flyer-Portrait-724x1024.png\" alt=\"\" class=\"wp-image-511 size-full\" srcset=\"http:\/\/www.hosu.hr\/wp-content\/uploads\/2023\/12\/Orange-Colorful-Music-Flyer-Portrait-724x1024.png 724w, http:\/\/www.hosu.hr\/wp-content\/uploads\/2023\/12\/Orange-Colorful-Music-Flyer-Portrait-212x300.png 212w, http:\/\/www.hosu.hr\/wp-content\/uploads\/2023\/12\/Orange-Colorful-Music-Flyer-Portrait-768x1086.png 768w, http:\/\/www.hosu.hr\/wp-content\/uploads\/2023\/12\/Orange-Colorful-Music-Flyer-Portrait-1086x1536.png 1086w, http:\/\/www.hosu.hr\/wp-content\/uploads\/2023\/12\/Orange-Colorful-Music-Flyer-Portrait.png 1414w\" sizes=\"auto, (max-width: 724px) 100vw, 724px\" \/><\/figure><div class=\"wp-block-media-text__content\">\n<h2 class=\"wp-block-heading has-text-align-center has-x-large-font-size\">IMV 2024<\/h2>\n\n\n\n<p class=\"has-text-align-center has-large-font-size\">Eti Vinkovec <\/p>\n\n\n\n<p class=\"has-text-align-center has-large-font-size\"><strong>8. &#8211; 12. 7.2024.<\/strong><\/p>\n\n\n\n<div class=\"wp-block-buttons is-layout-flex wp-block-buttons-is-layout-flex\">\n<div class=\"wp-block-button\"><a class=\"wp-block-button__link wp-element-button\" href=\"https:\/\/www.hosu.hr\/?page_id=474\">Prijave<\/a><\/div>\n\n\n\n<div class=\"wp-block-button\"><a class=\"wp-block-button__link wp-element-button\" href=\"https:\/\/www.hosu.hr\/?page_id=483\">Registration<\/a><\/div>\n<\/div>\n<\/div><\/div>\n\n\n\n<p class=\"has-medium-font-size\">PREDAVA\u010cI<\/p>\n\n\n\n<p style=\"font-size:15px\"><a href=\"https:\/\/www.orffder.org\/hakkimizda\" data-type=\"link\" data-id=\"https:\/\/www.orffder.org\/hakkimizda\">Senem Krispler<\/a>  (Tr) &amp; <a href=\"https:\/\/lelakaplowitz.com\/\" data-type=\"link\" data-id=\"https:\/\/lelakaplowitz.com\/\" target=\"_blank\" rel=\"noreferrer noopener\">Lela Kaplowitz <\/a>(Cro)<\/p>\n\n\n\n<p style=\"font-size:15px\"><strong>Slu\u017ebeni jezik te\u010daja:<\/strong> Engleski<\/p>\n\n\n\n<p style=\"font-size:15px\"><strong>Lokacija: <\/strong><a href=\"https:\/\/www.eti-vinkovec.org\/?page_id=14\" data-type=\"link\" data-id=\"https:\/\/www.eti-vinkovec.org\/?page_id=14\">Edukacijsko rehabilitacijsko imanje Vinkovec <\/a><\/p>\n\n\n\n<p class=\"has-medium-font-size\">CJENIK<\/p>\n\n\n\n<p><strong>REDOVNA CIJENA<\/strong>  450 \u20ac  Smje\u0161taj, obroci i radionice <\/p>\n\n\n\n<p><strong>\u010cLANOVI UDRUGA HOSU, JASESOI I ORFFCAT<\/strong> 405 \u20ac Smje\u0161taj, obroci i radionice <\/p>\n\n\n\n<p>Pod pokroviteljstvom Orff zaklade osiguravamo  10 stipendija svaka u iznosu od 225  \u20ac<\/p>\n\n\n\n<p><\/p>\n\n\n\n<hr class=\"wp-block-separator has-alpha-channel-opacity\"\/>\n\n\n\n<p class=\"has-medium-font-size\">TEACHERS<\/p>\n\n\n\n<p style=\"font-size:15px\"><a href=\"https:\/\/www.orffder.org\/hakkimizda\" data-type=\"link\" data-id=\"https:\/\/www.orffder.org\/hakkimizda\">Senem Krispler<\/a> (Tr) &amp; <a href=\"https:\/\/lelakaplowitz.com\/\" data-type=\"link\" data-id=\"https:\/\/lelakaplowitz.com\/\" target=\"_blank\" rel=\"noreferrer noopener\">Lela Kaplowitz <\/a> (Cro)<\/p>\n\n\n\n<p style=\"font-size:15px\"><strong>Teaching language: <\/strong>English<\/p>\n\n\n\n<p style=\"font-size:15px\"><strong>Location:<\/strong> <a href=\"https:\/\/www.eti-vinkovec.org\/?page_id=207\" data-type=\"link\" data-id=\"https:\/\/www.eti-vinkovec.org\/?page_id=207\">ETI Vinkovec<\/a><\/p>\n\n\n\n<p class=\"has-medium-font-size\">PRICES<\/p>\n\n\n\n<p><strong>REGULAR PRICE<\/strong> 450 \u20ac With accomodation, meals and  teaching <\/p>\n\n\n\n<p><strong>MEMBERS OF CROSA, JASESOI AND ORFFCAT<\/strong> 405 \u20ac With accomodation, meals and  teaching <\/p>\n\n\n\n<p>Under the sponsorship of the Orff Foundation, we provide 10 scholarships each in the amount of 225  \u20ac<\/p>\n\n\n\n<div class=\"wp-block-group alignfull has-text-color has-background\" style=\"color:#000000;background-color:#ffffff\"><div class=\"wp-block-group__inner-container is-layout-flow wp-block-group-is-layout-flow\">\n<div class=\"wp-block-buttons is-horizontal is-content-justification-center is-layout-flex wp-container-core-buttons-is-layout-499968f5 wp-block-buttons-is-layout-flex\">\n<div class=\"wp-block-button has-custom-width wp-block-button__width-50 is-style-outline is-style-outline--1\"><a class=\"wp-block-button__link has-medium-orange-background-color has-text-color has-background wp-element-button\" href=\"https:\/\/www.hosu.hr\/?page_id=516\" style=\"border-radius:50px;color:#ffffff\" target=\"_blank\" rel=\"noreferrer noopener\"><strong>Prijava za stipendiju<\/strong><\/a><\/div>\n\n\n\n<div class=\"wp-block-button has-custom-width wp-block-button__width-50 is-style-outline is-style-outline--2\"><a class=\"wp-block-button__link has-medium-orange-background-color has-text-color has-background wp-element-button\" href=\"https:\/\/www.hosu.hr\/?page_id=516\" style=\"border-radius:50px;color:#ffffff\" target=\"_blank\" rel=\"noreferrer noopener\"><strong>Apply for the scholarship<\/strong><\/a><\/div>\n<\/div>\n<\/div><\/div>\n\n\n\n<p class=\"has-medium-font-size\"><strong>Information regarding the course:<\/strong> <\/p>\n\n\n\n<p style=\"font-size:15px\">InternationalMusicVillage@gmail.com<\/p>\n\n\n\n<hr class=\"wp-block-separator has-alpha-channel-opacity\"\/>\n\n\n\n\n\n<p><\/p>\n\n\n\n<p><\/p>\n\n\n\n<p><\/p>\n\n\n\n<p><\/p>\n\n\n\n<p><\/p>\n\n\n\n<p><\/p>\n\n\n\n<p><\/p>\n\n\n\n<p><\/p>\n\n\n\n<p><\/p>\n\n\n\n<p><\/p>\n\n\n\n<p><\/p>\n\n\n\n<p><\/p>\n\n\n\n<p><\/p>\n\n\n\n<p><\/p>\n\n\n\n<p><\/p>\n\n\n\n<p><\/p>\n\n\n\n<p><\/p>\n\n\n\n<p><\/p>\n\n\n\n<p><\/p>\n\n\n\n<p><\/p>\n\n\n\n<p><\/p>\n\n\n\n<p><\/p>\n\n\n\n<p><\/p>\n\n\n\n<p><\/p>\n\n\n\n<p><\/p>\n\n\n\n<p><\/p>\n\n\n\n<p><\/p>\n\n\n\n<p><\/p>\n\n\n\n<p><\/p>\n\n\n\n<div class=\"wp-block-media-text alignwide is-stacked-on-mobile has-off-white-background-color has-background\"><figure class=\"wp-block-media-text__media\"><img loading=\"lazy\" decoding=\"async\" width=\"1024\" height=\"1024\" src=\"https:\/\/www.hosu.hr\/wp-content\/uploads\/2023\/11\/INTERNATIONAL-MUSIC-VILLAGE-1024x1024.png\" alt=\"\" class=\"wp-image-472 size-full\" srcset=\"http:\/\/www.hosu.hr\/wp-content\/uploads\/2023\/11\/INTERNATIONAL-MUSIC-VILLAGE-1024x1024.png 1024w, http:\/\/www.hosu.hr\/wp-content\/uploads\/2023\/11\/INTERNATIONAL-MUSIC-VILLAGE-300x300.png 300w, http:\/\/www.hosu.hr\/wp-content\/uploads\/2023\/11\/INTERNATIONAL-MUSIC-VILLAGE-150x150.png 150w, http:\/\/www.hosu.hr\/wp-content\/uploads\/2023\/11\/INTERNATIONAL-MUSIC-VILLAGE-768x768.png 768w, http:\/\/www.hosu.hr\/wp-content\/uploads\/2023\/11\/INTERNATIONAL-MUSIC-VILLAGE.png 1080w\" sizes=\"auto, (max-width: 1024px) 100vw, 1024px\" \/><\/figure><div class=\"wp-block-media-text__content\">\n<h2 class=\"wp-block-heading has-text-align-center has-x-large-font-size\">IMV 2023<\/h2>\n\n\n\n<p><\/p>\n\n\n\n<div class=\"wp-block-buttons is-layout-flex wp-block-buttons-is-layout-flex\">\n<div class=\"wp-block-button\"><a class=\"wp-block-button__link wp-element-button\" href=\"https:\/\/jasesoi.com\/in-english\/international-music-village\/\" target=\"_blank\" rel=\"noreferrer noopener\">Otkrijte vi\u0161e<\/a><\/div>\n<\/div>\n<\/div><\/div>\n","protected":false},"excerpt":{"rendered":"<p>International Music Village je pedago\u0161ki intenzivni te\u010daj za profesionalce koji koriste glazbu u svom radu. IMV je odli\u010dno mjesto za umre\u017eavanje za edukatore Orffove glazbene pedagogije diljem svijeta.Me\u0111unarodno Finska Orff Schulwerk udruga JaSeSoi organizira od 2000. Godine ovaj doga\u0111aj koji je s vremenom posao vrlo popularan i okuplja sudionike sa svih kontinenata. Kroz godine, te\u010daj &hellip; <a href=\"http:\/\/www.hosu.hr\/?page_id=440\" class=\"more-link\">Nastavi \u010ditati <span class=\"screen-reader-text\">International Music Village<\/span> <span class=\"meta-nav\">&rarr;<\/span><\/a><\/p>\n","protected":false},"author":1,"featured_media":0,"parent":0,"menu_order":0,"comment_status":"closed","ping_status":"closed","template":"","meta":{"footnotes":""},"class_list":["post-440","page","type-page","status-publish","hentry"],"_links":{"self":[{"href":"http:\/\/www.hosu.hr\/index.php?rest_route=\/wp\/v2\/pages\/440","targetHints":{"allow":["GET"]}}],"collection":[{"href":"http:\/\/www.hosu.hr\/index.php?rest_route=\/wp\/v2\/pages"}],"about":[{"href":"http:\/\/www.hosu.hr\/index.php?rest_route=\/wp\/v2\/types\/page"}],"author":[{"embeddable":true,"href":"http:\/\/www.hosu.hr\/index.php?rest_route=\/wp\/v2\/users\/1"}],"replies":[{"embeddable":true,"href":"http:\/\/www.hosu.hr\/index.php?rest_route=%2Fwp%2Fv2%2Fcomments&post=440"}],"version-history":[{"count":34,"href":"http:\/\/www.hosu.hr\/index.php?rest_route=\/wp\/v2\/pages\/440\/revisions"}],"predecessor-version":[{"id":583,"href":"http:\/\/www.hosu.hr\/index.php?rest_route=\/wp\/v2\/pages\/440\/revisions\/583"}],"wp:attachment":[{"href":"http:\/\/www.hosu.hr\/index.php?rest_route=%2Fwp%2Fv2%2Fmedia&parent=440"}],"curies":[{"name":"wp","href":"https:\/\/api.w.org\/{rel}","templated":true}]}}